{"id":4329,"date":"2019-03-31T21:24:37","date_gmt":"2019-03-31T19:24:37","guid":{"rendered":"http:\/\/test.vvud.cz\/kontakt\/"},"modified":"2026-02-23T11:19:55","modified_gmt":"2026-02-23T10:19:55","slug":"contacts","status":"publish","type":"page","link":"https:\/\/www.vvud.cz\/en\/contacts\/","title":{"rendered":"Contacts"},"content":{"rendered":"<div id='av_section_1'  class='avia-section main_color avia-section-default avia-no-border-styling  avia-bg-style-scroll  avia-builder-el-0  el_before_av_tab_container  avia-builder-el-first   container_wrap sidebar_right' style='background-color: #f7f7f7;  '  ><div class='container' ><main  role=\"main\" itemprop=\"mainContentOfPage\"  class='template-page content  av-content-small alpha units'><div class='post-entry post-entry-type-page post-entry-4329'><div class='entry-content-wrapper clearfix'>\n<div class=\"flex_column av_one_half  flex_column_div av-zero-column-padding first  avia-builder-el-1  avia-builder-el-no-sibling  \" style='border-radius:0px; '><section class=\"av_textblock_section \"  itemscope=\"itemscope\" itemtype=\"https:\/\/schema.org\/CreativeWork\" ><div class='avia_textblock  '   itemprop=\"text\" ><h3>Contacts<\/h3>\n<\/div><\/section><\/div>\n<\/div><\/div><\/main><!-- close content main element --><\/div><\/div><div id='after_section_1'  class='main_color av_default_container_wrap container_wrap sidebar_right' style=' '  ><div class='container' ><div class='template-page content  av-content-small alpha units'><div class='post-entry post-entry-type-page post-entry-4329'><div class='entry-content-wrapper clearfix'>\n<div  class=\"tabcontainer   sidebar_tab sidebar_tab_left noborder_tabs  avia-builder-el-3  el_after_av_section  el_before_av_one_full  avia-builder-el-first \" role=\"tablist\">\n\n<section class=\"av_tab_section\"  itemscope=\"itemscope\" itemtype=\"https:\/\/schema.org\/CreativeWork\" ><div aria-controls=\"tab-id-1-content\" role=\"tab\" tabindex=\"0\" data-fake-id=\"#tab-id-1\" class=\"tab active_tab\"  itemprop=\"headline\" >Billing information, submissions and administration<\/div>\n<div id=\"tab-id-1-content\" class=\"tab_content active_tab_content\" aria-hidden=\"false\">\n<div class=\"tab_inner_content invers-color\"  itemprop=\"text\" >\n<h4>Billing info<\/h4>\n<h5>V\u00fdzkumn\u00fd a v\u00fdvojov\u00fd \u00fastav d\u0159eva\u0159sk\u00fd, Praha, s.p.<\/h5>\n<p><strong>Na Florenci 7-9<\/strong><br \/><strong> 111 71 Praha 1<\/strong><br \/>ID: 00014125<br \/>VAT ID: CZ00014125<br \/>datov\u00e1 schr\u00e1nka: v8zvffd<\/p>\n<p>FIO Banka \u2013 \u010d. u.\u00a02900972576\/2010<br \/>IBAN: CZ8720100000002900972576<br \/>BIC\/SWIFT:FIOBCZPPXXX<\/p>\n<h4>Mailing<\/h4>\n<p>Working hours: mon &#8211; fri 8 &#8211; 14 h.<br \/>e-mail: info(@)vvud.cz<\/p>\n<h4>Administration<\/h4>\n<p><strong>Ing. Mark\u00e9ta Snopov\u00e1<\/strong><br \/>tel.: +420 221 773 728<br \/>mobile: +420 736 769 969<br \/>e-mail: snopova(@)vvud.cz<\/p>\n<p><strong>Mgr. Marcela Mich\u00e1lkov\u00e1<\/strong><br \/>tel.: +420 221 773 728<br \/>mobile: +420 731 412 526<br \/>e-mail: michalkova(@)vvud.cz<\/p>\n\n<\/div>\n<\/div>\n<\/section>\n\n<section class=\"av_tab_section\"  itemscope=\"itemscope\" itemtype=\"https:\/\/schema.org\/CreativeWork\" ><div aria-controls=\"tab-id-2-content\" role=\"tab\" tabindex=\"0\" data-fake-id=\"#tab-id-2\" class=\"tab \"  itemprop=\"headline\" >Institute management<\/div>\n<div id=\"tab-id-2-content\" class=\"tab_content \" aria-hidden=\"true\">\n<div class=\"tab_inner_content invers-color\"  itemprop=\"text\" >\n<h4>Institute management<\/h4>\n<h4>Institute director<\/h4>\n<p><strong>Ing. Jitka Ber\u00e1nkov\u00e1, Ph.D.<\/strong><br \/>e-mail: berankova(@)vvud.cz<\/p>\n<h5>Deputy director<\/h5>\n<p><strong>Ing. Ludmila Kotenov\u00e1<\/strong><br \/>tel.: +420 221 773 718<br \/>e-mail: kotenova(@)vvud.cz<\/p>\n<p><strong>Mgr. Tom\u00e1\u0161 Pomykal (pr\u00e1vn\u00edk)<\/strong><br \/>e-mail: pomykal(@)vvud.cz<\/p>\n<h5>Director secretary<\/h5>\n<p><strong>Veronika Miltnerov\u00e1<\/strong><br \/>tel.: +420 221 773 711, +420 739 617 199<br \/>e-mail: miltnerova(@)vvud.cz<\/p>\n<h5>Marketing<\/h5>\n<p><strong>Ing. Ivana Ducho\u0148ov\u00e1<\/strong><br \/>tel.: +420 727 822 795<br \/>e-mail: duchonova(@)vvud.cz<\/p>\n\n<\/div>\n<\/div>\n<\/section>\n\n<section class=\"av_tab_section\"  itemscope=\"itemscope\" itemtype=\"https:\/\/schema.org\/CreativeWork\" ><div aria-controls=\"tab-id-3-content\" role=\"tab\" tabindex=\"0\" data-fake-id=\"#tab-id-3\" class=\"tab \"  itemprop=\"headline\" >Material and product testing<\/div>\n<div id=\"tab-id-3-content\" class=\"tab_content \" aria-hidden=\"true\">\n<div class=\"tab_inner_content invers-color\"  itemprop=\"text\" >\n<h4>Material and product testing<\/h4>\n<h5>V\u00fdzkumn\u00fd a v\u00fdvojov\u00fd \u00fastav d\u0159eva\u0159sk\u00fd, Praha, s.p.<\/h5>\n<p>Borsk\u00e1 471<br \/>262 72 B\u0159eznice<br \/>\u010cesk\u00e1 republika<\/p>\n<h5>Testing director<\/h5>\n<p><strong>Ing. Ji\u0159\u00ed Brich<\/strong><br \/>tel.: +420 318 684 165<br \/>tel.: +420 723 048 109<br \/>e-mail: brich(@)vvud.cz<\/p>\n\n<\/div>\n<\/div>\n<\/section>\n\n<section class=\"av_tab_section\"  itemscope=\"itemscope\" itemtype=\"https:\/\/schema.org\/CreativeWork\" ><div aria-controls=\"tab-id-4-content\" role=\"tab\" tabindex=\"0\" data-fake-id=\"#tab-id-4\" class=\"tab \"  itemprop=\"headline\" >Auditors<\/div>\n<div id=\"tab-id-4-content\" class=\"tab_content \" aria-hidden=\"true\">\n<div class=\"tab_inner_content invers-color\"  itemprop=\"text\" >\n<h4 id=\"berankova\">Auditory<\/h4>\n<h5>Head of wood constructions department<\/h5>\n<p><strong>Ing. V\u00e1clav Motejz\u00edk\u00a0<\/strong><br \/>tel.: +420 221 773 731<br \/>mobile: +420 739 494 141<br \/>e-mail: motejzik(@)vvud.cz<\/p>\n<h5>Wooden constructions, glued wood, glue<\/h5>\n<p><strong>Ing. Jitka Ber\u00e1nkov\u00e1, Ph.D.<\/strong><br \/>Leading authorised person<br \/>tel.: +420 221 773 711<br \/>e-mail: berankova(@)vvud.cz<\/p>\n<h5>Flooring products, boarding materials, tiling, construction lumber, IKEA (EPA\/CARB)<\/h5>\n<p><strong>Ing. Ludmila Kotenov\u00e1<\/strong><br \/>Deputy leading authorised person<br \/>tel.: +420 221 773 718<br \/>e-mail: kotenova(@)vvud.cz<\/p>\n<h5>Construction lumber, windows, doors<\/h5>\n<p><strong>Ing. Petr Far\u00e1\u0159<\/strong><br \/>tel.: +420 604 215 810<br \/>e-mail: farar(@)vvud.cz<\/p>\n<h5>Construction lumber, construction elements, stairs, glued wood, wooden constructions<\/h5>\n<p><strong>Ing. Lubo\u0161 Drah\u0148ovsk\u00fd<\/strong><br \/>tel.: +420 221 773 723<br \/>mobile: +420 604 133 916<br \/>e-mail: drahnovsky(@)vvud.cz<\/p>\n<h5>Diagnostics &#8211; termography, blower-door<\/h5>\n<p><strong>Ing. Ji\u0159\u00ed Brich<\/strong><br \/>tel.: +420 723 048 109<br \/>e-mail: brich(@)vvud.cz<\/p>\n<h5>Wooden constructions, quality construction certifications, quality windows certifications<\/h5>\n<p><strong>Ing. Petr Nov\u00e1\u010dek, Dis.<\/strong><br \/>tel.: +420 734 728 319<br \/>e-mail: novacek(@)vvud.cz<\/p>\n<h5>Wood impregnation, paint<\/h5>\n<p><strong>Ing. Anna Sou\u010dkov\u00e1<\/strong><br \/>tel.: +420 318 684 165<br \/>mobile: +420 606 633 354<br \/>e-mail: souckova(@)vvud.cz<\/p>\n\n<\/div>\n<\/div>\n<\/section>\n\n<section class=\"av_tab_section\"  itemscope=\"itemscope\" itemtype=\"https:\/\/schema.org\/CreativeWork\" ><div aria-controls=\"tab-id-5-content\" role=\"tab\" tabindex=\"0\" data-fake-id=\"#tab-id-5\" class=\"tab \"  itemprop=\"headline\" >Technical experts<\/div>\n<div id=\"tab-id-5-content\" class=\"tab_content \" aria-hidden=\"true\">\n<div class=\"tab_inner_content invers-color\"  itemprop=\"text\" >\n<h4>Technical experts<\/h4>\n<p><strong>Wooden constructions, thermal-technical assessment<\/strong><\/p>\n<p><strong>Ing. Anton\u00edn Novotn\u00fd, MBA<\/strong><br \/>Technick\u00fd expert<br \/>mobile: +420 734 270 087<br \/>email: novotny(@)vvud.cz<\/p>\n\n<\/div>\n<\/div>\n<\/section>\n\n<section class=\"av_tab_section\"  itemscope=\"itemscope\" itemtype=\"https:\/\/schema.org\/CreativeWork\" ><div aria-controls=\"tab-id-6-content\" role=\"tab\" tabindex=\"0\" data-fake-id=\"#tab-id-6\" class=\"tab \"  itemprop=\"headline\" >Analyses and assessments<\/div>\n<div id=\"tab-id-6-content\" class=\"tab_content \" aria-hidden=\"true\">\n<div class=\"tab_inner_content invers-color\"  itemprop=\"text\" >\n<h4>Analyses and assessments<\/h4>\n<p><strong>Ing. Anna Sou\u010dkov\u00e1<\/strong><br \/>tel.: +420 606 633 354<br \/>e-mail: <a href=\"mailto:souckova@vvud.cz\">souckova@vvud.cz<\/a><\/p>\n\n<\/div>\n<\/div>\n<\/section>\n\n<section class=\"av_tab_section\"  itemscope=\"itemscope\" itemtype=\"https:\/\/schema.org\/CreativeWork\" ><div aria-controls=\"tab-id-7-content\" role=\"tab\" tabindex=\"0\" data-fake-id=\"#tab-id-7\" class=\"tab \"  itemprop=\"headline\" >Research, development, inovations and consults<\/div>\n<div id=\"tab-id-7-content\" class=\"tab_content \" aria-hidden=\"true\">\n<div class=\"tab_inner_content invers-color\"  itemprop=\"text\" >\n<h4>Research, development, inovations and consults<\/h4>\n<p><strong>Ing. Marek Pol\u00e1\u0161ek, Ph.D.<\/strong><br \/>tel.: +420 730 124 043<br \/>e-mail: <a href=\"mailto:polasek@vvud.cz\">polasek@vvud.cz<\/a><\/p>\n\n<\/div>\n<\/div>\n<\/section>\n\n<section class=\"av_tab_section\"  itemscope=\"itemscope\" itemtype=\"https:\/\/schema.org\/CreativeWork\" ><div aria-controls=\"tab-id-8-content\" role=\"tab\" tabindex=\"0\" data-fake-id=\"#tab-id-8\" class=\"tab \"  itemprop=\"headline\" >Data Protection Officer<\/div>\n<div id=\"tab-id-8-content\" class=\"tab_content \" aria-hidden=\"true\">\n<div class=\"tab_inner_content invers-color\"  itemprop=\"text\" >\n<h4>Data Protection Officer<\/h4>\n<p>To ensure maximum protection of your data, we have appointed a Data Protection Officer (DPO). You can therefore contact us with any suggestions by e-mail: pomykal(@)vvud.cz.<\/p>\n\n<\/div>\n<\/div>\n<\/section>\n\n<\/div>\n\n<div class=\"flex_column av_one_full  flex_column_div av-zero-column-padding first  avia-builder-el-4  el_after_av_tab_container  avia-builder-el-last  \" style='border-radius:0px; '><\/div>\n","protected":false},"excerpt":{"rendered":"","protected":false},"author":2,"featured_media":0,"parent":0,"menu_order":4,"comment_status":"closed","ping_status":"closed","template":"","meta":{"footnotes":""},"class_list":["post-4329","page","type-page","status-publish","hentry"],"yoast_head":"<!-- This site is optimized with the Yoast SEO plugin v27.1.1 - https:\/\/yoast.com\/product\/yoast-seo-wordpress\/ -->\n<title>Contacts - VV\u00daD<\/title>\n<meta name=\"robots\" content=\"index, follow, max-snippet:-1, max-image-preview:large, max-video-preview:-1\" \/>\n<link rel=\"canonical\" href=\"https:\/\/www.vvud.cz\/kontakt\/\" \/>\n<meta property=\"og:locale\" content=\"en_US\" \/>\n<meta property=\"og:type\" content=\"article\" \/>\n<meta property=\"og:title\" content=\"Contacts - VV\u00daD\" \/>\n<meta property=\"og:url\" content=\"https:\/\/www.vvud.cz\/kontakt\/\" \/>\n<meta property=\"og:site_name\" content=\"VV\u00daD\" \/>\n<meta property=\"article:modified_time\" content=\"2026-02-23T10:19:55+00:00\" \/>\n<meta name=\"twitter:card\" content=\"summary_large_image\" \/>\n<meta name=\"twitter:label1\" content=\"Est. reading time\" \/>\n\t<meta name=\"twitter:data1\" content=\"4 minutes\" \/>\n<script type=\"application\/ld+json\" class=\"yoast-schema-graph\">{\"@context\":\"https:\/\/schema.org\",\"@graph\":[{\"@type\":\"WebPage\",\"@id\":\"https:\/\/www.vvud.cz\/kontakt\/\",\"url\":\"https:\/\/www.vvud.cz\/kontakt\/\",\"name\":\"Contacts - VV\u00daD\",\"isPartOf\":{\"@id\":\"https:\/\/www.vvud.cz\/#website\"},\"datePublished\":\"2019-03-31T19:24:37+00:00\",\"dateModified\":\"2026-02-23T10:19:55+00:00\",\"breadcrumb\":{\"@id\":\"https:\/\/www.vvud.cz\/kontakt\/#breadcrumb\"},\"inLanguage\":\"en-US\",\"potentialAction\":[{\"@type\":\"ReadAction\",\"target\":[\"https:\/\/www.vvud.cz\/kontakt\/\"]}]},{\"@type\":\"BreadcrumbList\",\"@id\":\"https:\/\/www.vvud.cz\/kontakt\/#breadcrumb\",\"itemListElement\":[{\"@type\":\"ListItem\",\"position\":1,\"name\":\"Dom\u016f\",\"item\":\"https:\/\/www.vvud.cz\/\"},{\"@type\":\"ListItem\",\"position\":2,\"name\":\"Contacts\"}]},{\"@type\":\"WebSite\",\"@id\":\"https:\/\/www.vvud.cz\/#website\",\"url\":\"https:\/\/www.vvud.cz\/\",\"name\":\"VV\u00daD\",\"description\":\"V\u00fdzkumn\u00fd a v\u00fdvojov\u00fd \u00fastav d\u0159eva\u0159sk\u00fd, Praha, s. p.\",\"potentialAction\":[{\"@type\":\"SearchAction\",\"target\":{\"@type\":\"EntryPoint\",\"urlTemplate\":\"https:\/\/www.vvud.cz\/?s={search_term_string}\"},\"query-input\":{\"@type\":\"PropertyValueSpecification\",\"valueRequired\":true,\"valueName\":\"search_term_string\"}}],\"inLanguage\":\"en-US\"}]}<\/script>\n<!-- \/ Yoast SEO plugin. -->","yoast_head_json":{"title":"Contacts - VV\u00daD","robots":{"index":"index","follow":"follow","max-snippet":"max-snippet:-1","max-image-preview":"max-image-preview:large","max-video-preview":"max-video-preview:-1"},"canonical":"https:\/\/www.vvud.cz\/kontakt\/","og_locale":"en_US","og_type":"article","og_title":"Contacts - VV\u00daD","og_url":"https:\/\/www.vvud.cz\/kontakt\/","og_site_name":"VV\u00daD","article_modified_time":"2026-02-23T10:19:55+00:00","twitter_card":"summary_large_image","twitter_misc":{"Est. reading time":"4 minutes"},"schema":{"@context":"https:\/\/schema.org","@graph":[{"@type":"WebPage","@id":"https:\/\/www.vvud.cz\/kontakt\/","url":"https:\/\/www.vvud.cz\/kontakt\/","name":"Contacts - VV\u00daD","isPartOf":{"@id":"https:\/\/www.vvud.cz\/#website"},"datePublished":"2019-03-31T19:24:37+00:00","dateModified":"2026-02-23T10:19:55+00:00","breadcrumb":{"@id":"https:\/\/www.vvud.cz\/kontakt\/#breadcrumb"},"inLanguage":"en-US","potentialAction":[{"@type":"ReadAction","target":["https:\/\/www.vvud.cz\/kontakt\/"]}]},{"@type":"BreadcrumbList","@id":"https:\/\/www.vvud.cz\/kontakt\/#breadcrumb","itemListElement":[{"@type":"ListItem","position":1,"name":"Dom\u016f","item":"https:\/\/www.vvud.cz\/"},{"@type":"ListItem","position":2,"name":"Contacts"}]},{"@type":"WebSite","@id":"https:\/\/www.vvud.cz\/#website","url":"https:\/\/www.vvud.cz\/","name":"VV\u00daD","description":"V\u00fdzkumn\u00fd a v\u00fdvojov\u00fd \u00fastav d\u0159eva\u0159sk\u00fd, Praha, s. p.","potentialAction":[{"@type":"SearchAction","target":{"@type":"EntryPoint","urlTemplate":"https:\/\/www.vvud.cz\/?s={search_term_string}"},"query-input":{"@type":"PropertyValueSpecification","valueRequired":true,"valueName":"search_term_string"}}],"inLanguage":"en-US"}]}},"_links":{"self":[{"href":"https:\/\/www.vvud.cz\/en\/wp-json\/wp\/v2\/pages\/4329","targetHints":{"allow":["GET"]}}],"collection":[{"href":"https:\/\/www.vvud.cz\/en\/wp-json\/wp\/v2\/pages"}],"about":[{"href":"https:\/\/www.vvud.cz\/en\/wp-json\/wp\/v2\/types\/page"}],"author":[{"embeddable":true,"href":"https:\/\/www.vvud.cz\/en\/wp-json\/wp\/v2\/users\/2"}],"replies":[{"embeddable":true,"href":"https:\/\/www.vvud.cz\/en\/wp-json\/wp\/v2\/comments?post=4329"}],"version-history":[{"count":45,"href":"https:\/\/www.vvud.cz\/en\/wp-json\/wp\/v2\/pages\/4329\/revisions"}],"predecessor-version":[{"id":7323,"href":"https:\/\/www.vvud.cz\/en\/wp-json\/wp\/v2\/pages\/4329\/revisions\/7323"}],"wp:attachment":[{"href":"https:\/\/www.vvud.cz\/en\/wp-json\/wp\/v2\/media?parent=4329"}],"curies":[{"name":"wp","href":"https:\/\/api.w.org\/{rel}","templated":true}]}}