{"id":5134,"date":"2022-02-04T17:31:51","date_gmt":"2022-02-04T16:31:51","guid":{"rendered":"https:\/\/www.vvud.cz\/technical-assessment-body-tab\/"},"modified":"2022-05-26T11:40:17","modified_gmt":"2022-05-26T09:40:17","slug":"technical-assessment-body-tab","status":"publish","type":"page","link":"https:\/\/www.vvud.cz\/en\/technical-assessment-body-tab\/","title":{"rendered":"Technical Assessment Body (TAB)"},"content":{"rendered":"<div id='av_section_1'  class='avia-section main_color avia-section-default avia-no-border-styling  avia-bg-style-scroll  avia-builder-el-0  el_before_av_one_full  avia-builder-el-first   container_wrap sidebar_right' style='background-color: #f7f7f7;  '  ><div class='container' ><main  role=\"main\" itemprop=\"mainContentOfPage\"  class='template-page content  av-content-small alpha units'><div class='post-entry post-entry-type-page post-entry-5134'><div class='entry-content-wrapper clearfix'>\n<section class=\"av_textblock_section \"  itemscope=\"itemscope\" itemtype=\"https:\/\/schema.org\/CreativeWork\" ><div class='avia_textblock  '   itemprop=\"text\" ><h3><strong>Technical Assessment Body (TAB)<\/strong><\/h3>\n<\/div><\/section>\n<\/div><\/div><\/main><!-- close content main element --><\/div><\/div><div id='after_section_1'  class='main_color av_default_container_wrap container_wrap sidebar_right' style=' '  ><div class='container' ><div class='template-page content  av-content-small alpha units'><div class='post-entry post-entry-type-page post-entry-5134'><div class='entry-content-wrapper clearfix'><div class=\"flex_column av_one_full  flex_column_div av-zero-column-padding first  avia-builder-el-2  el_after_av_section  avia-builder-el-no-sibling  \" style='border-radius:0px; '><section class=\"av_textblock_section \"  itemscope=\"itemscope\" itemtype=\"https:\/\/schema.org\/CreativeWork\" ><div class='avia_textblock  '   itemprop=\"text\" ><p>The Timber Research and Development Institute, Prague, a state enterprise, was selected as the Technical Assessment Body (TAB) authorized to process European Technical Assessments (ETA) in accordance with Regulation (EU) No. 305\/2011 of the European Parliament and of the Council (CPR) for selected innovative construction products in the wood processing industry which are not subject or fully subject to any harmonized standard. This assessment is a necessary step in obtaining the CE marking and placing the product in the European Economic Area, Switzerland and Turkey.<\/p>\n<p>ETA is an assessment of a product processed on the basis of the European Assessment Document (EAD) prepared by the European Organization for Technical Assessment (EOTA). An ETA application is a voluntary procedure which may be requested by a producer or by its authorized representative.<\/p>\n<p>All necessary information on the TAB procedure is provided in the Quality Manual which is available for inspection from the Quality Manager upon agreement with the head of the TAB.<\/p>\n<p><strong>Organizational chart of the TAB:<\/strong><\/p>\n<div  class='avia-button-wrap avia-button-left  avia-builder-el-4  el_before_av_button  avia-builder-el-first ' ><a href='https:\/\/www.vvud.cz\/wp-content\/uploads\/2022\/02\/VVUD_schema_organizace_strediska_TAB.pdf' class='avia-button  avia-color-theme-color   avia-icon_select-no avia-size-small avia-position-left ' target=\"_blank\" rel=\"noopener noreferrer\"><span class='avia_iconbox_title' >Download<\/span><\/a><\/div>\n<p><strong>Application for ETA:<\/strong><\/p>\n<div  class='avia-button-wrap avia-button-left  avia-builder-el-5  el_after_av_button  avia-builder-el-last ' ><a href='https:\/\/www.vvud.cz\/wp-content\/uploads\/2022\/02\/VVUD_application_zadost_ETA.doc'  class='avia-button  avia-color-theme-color   avia-icon_select-no avia-size-small avia-position-left '   ><span class='avia_iconbox_title' >Download<\/span><\/a><\/div>\n<\/div><\/section><\/div><\/p>\n","protected":false},"excerpt":{"rendered":"","protected":false},"author":5,"featured_media":0,"parent":0,"menu_order":4,"comment_status":"closed","ping_status":"closed","template":"","meta":{"footnotes":""},"class_list":["post-5134","page","type-page","status-publish","hentry"],"yoast_head":"<!-- This site is optimized with the Yoast SEO plugin v27.1.1 - https:\/\/yoast.com\/product\/yoast-seo-wordpress\/ -->\n<title>Technical Assessment Body (TAB) - VV\u00daD<\/title>\n<meta name=\"robots\" content=\"index, follow, max-snippet:-1, max-image-preview:large, max-video-preview:-1\" \/>\n<link rel=\"canonical\" href=\"https:\/\/www.vvud.cz\/en\/technical-assessment-body-tab\/\" \/>\n<meta property=\"og:locale\" content=\"en_US\" \/>\n<meta property=\"og:type\" content=\"article\" \/>\n<meta property=\"og:title\" content=\"Technical Assessment Body (TAB) - VV\u00daD\" \/>\n<meta property=\"og:url\" content=\"https:\/\/www.vvud.cz\/en\/technical-assessment-body-tab\/\" \/>\n<meta property=\"og:site_name\" content=\"VV\u00daD\" \/>\n<meta property=\"article:modified_time\" content=\"2022-05-26T09:40:17+00:00\" \/>\n<meta name=\"twitter:card\" content=\"summary_large_image\" \/>\n<meta name=\"twitter:label1\" content=\"Est. reading time\" \/>\n\t<meta name=\"twitter:data1\" content=\"4 minutes\" \/>\n<script type=\"application\/ld+json\" class=\"yoast-schema-graph\">{\"@context\":\"https:\/\/schema.org\",\"@graph\":[{\"@type\":\"WebPage\",\"@id\":\"https:\/\/www.vvud.cz\/en\/technical-assessment-body-tab\/\",\"url\":\"https:\/\/www.vvud.cz\/en\/technical-assessment-body-tab\/\",\"name\":\"Technical Assessment Body (TAB) - VV\u00daD\",\"isPartOf\":{\"@id\":\"https:\/\/www.vvud.cz\/#website\"},\"datePublished\":\"2022-02-04T16:31:51+00:00\",\"dateModified\":\"2022-05-26T09:40:17+00:00\",\"breadcrumb\":{\"@id\":\"https:\/\/www.vvud.cz\/en\/technical-assessment-body-tab\/#breadcrumb\"},\"inLanguage\":\"en-US\",\"potentialAction\":[{\"@type\":\"ReadAction\",\"target\":[\"https:\/\/www.vvud.cz\/en\/technical-assessment-body-tab\/\"]}]},{\"@type\":\"BreadcrumbList\",\"@id\":\"https:\/\/www.vvud.cz\/en\/technical-assessment-body-tab\/#breadcrumb\",\"itemListElement\":[{\"@type\":\"ListItem\",\"position\":1,\"name\":\"Dom\u016f\",\"item\":\"https:\/\/www.vvud.cz\/\"},{\"@type\":\"ListItem\",\"position\":2,\"name\":\"Technical Assessment Body (TAB)\"}]},{\"@type\":\"WebSite\",\"@id\":\"https:\/\/www.vvud.cz\/#website\",\"url\":\"https:\/\/www.vvud.cz\/\",\"name\":\"VV\u00daD\",\"description\":\"V\u00fdzkumn\u00fd a v\u00fdvojov\u00fd \u00fastav d\u0159eva\u0159sk\u00fd, Praha, s. p.\",\"potentialAction\":[{\"@type\":\"SearchAction\",\"target\":{\"@type\":\"EntryPoint\",\"urlTemplate\":\"https:\/\/www.vvud.cz\/?s={search_term_string}\"},\"query-input\":{\"@type\":\"PropertyValueSpecification\",\"valueRequired\":true,\"valueName\":\"search_term_string\"}}],\"inLanguage\":\"en-US\"}]}<\/script>\n<!-- \/ Yoast SEO plugin. -->","yoast_head_json":{"title":"Technical Assessment Body (TAB) - VV\u00daD","robots":{"index":"index","follow":"follow","max-snippet":"max-snippet:-1","max-image-preview":"max-image-preview:large","max-video-preview":"max-video-preview:-1"},"canonical":"https:\/\/www.vvud.cz\/en\/technical-assessment-body-tab\/","og_locale":"en_US","og_type":"article","og_title":"Technical Assessment Body (TAB) - VV\u00daD","og_url":"https:\/\/www.vvud.cz\/en\/technical-assessment-body-tab\/","og_site_name":"VV\u00daD","article_modified_time":"2022-05-26T09:40:17+00:00","twitter_card":"summary_large_image","twitter_misc":{"Est. reading time":"4 minutes"},"schema":{"@context":"https:\/\/schema.org","@graph":[{"@type":"WebPage","@id":"https:\/\/www.vvud.cz\/en\/technical-assessment-body-tab\/","url":"https:\/\/www.vvud.cz\/en\/technical-assessment-body-tab\/","name":"Technical Assessment Body (TAB) - VV\u00daD","isPartOf":{"@id":"https:\/\/www.vvud.cz\/#website"},"datePublished":"2022-02-04T16:31:51+00:00","dateModified":"2022-05-26T09:40:17+00:00","breadcrumb":{"@id":"https:\/\/www.vvud.cz\/en\/technical-assessment-body-tab\/#breadcrumb"},"inLanguage":"en-US","potentialAction":[{"@type":"ReadAction","target":["https:\/\/www.vvud.cz\/en\/technical-assessment-body-tab\/"]}]},{"@type":"BreadcrumbList","@id":"https:\/\/www.vvud.cz\/en\/technical-assessment-body-tab\/#breadcrumb","itemListElement":[{"@type":"ListItem","position":1,"name":"Dom\u016f","item":"https:\/\/www.vvud.cz\/"},{"@type":"ListItem","position":2,"name":"Technical Assessment Body (TAB)"}]},{"@type":"WebSite","@id":"https:\/\/www.vvud.cz\/#website","url":"https:\/\/www.vvud.cz\/","name":"VV\u00daD","description":"V\u00fdzkumn\u00fd a v\u00fdvojov\u00fd \u00fastav d\u0159eva\u0159sk\u00fd, Praha, s. p.","potentialAction":[{"@type":"SearchAction","target":{"@type":"EntryPoint","urlTemplate":"https:\/\/www.vvud.cz\/?s={search_term_string}"},"query-input":{"@type":"PropertyValueSpecification","valueRequired":true,"valueName":"search_term_string"}}],"inLanguage":"en-US"}]}},"_links":{"self":[{"href":"https:\/\/www.vvud.cz\/en\/wp-json\/wp\/v2\/pages\/5134","targetHints":{"allow":["GET"]}}],"collection":[{"href":"https:\/\/www.vvud.cz\/en\/wp-json\/wp\/v2\/pages"}],"about":[{"href":"https:\/\/www.vvud.cz\/en\/wp-json\/wp\/v2\/types\/page"}],"author":[{"embeddable":true,"href":"https:\/\/www.vvud.cz\/en\/wp-json\/wp\/v2\/users\/5"}],"replies":[{"embeddable":true,"href":"https:\/\/www.vvud.cz\/en\/wp-json\/wp\/v2\/comments?post=5134"}],"version-history":[{"count":10,"href":"https:\/\/www.vvud.cz\/en\/wp-json\/wp\/v2\/pages\/5134\/revisions"}],"predecessor-version":[{"id":5371,"href":"https:\/\/www.vvud.cz\/en\/wp-json\/wp\/v2\/pages\/5134\/revisions\/5371"}],"wp:attachment":[{"href":"https:\/\/www.vvud.cz\/en\/wp-json\/wp\/v2\/media?parent=5134"}],"curies":[{"name":"wp","href":"https:\/\/api.w.org\/{rel}","templated":true}]}}