{"id":5165,"date":"2019-03-31T21:33:23","date_gmt":"2019-03-31T19:33:23","guid":{"rendered":"https:\/\/www.vvud.cz\/product-certification-and-conformity-assessment\/"},"modified":"2025-08-18T13:51:01","modified_gmt":"2025-08-18T11:51:01","slug":"product-certification-and-conformity-assessment","status":"publish","type":"page","link":"https:\/\/www.vvud.cz\/en\/product-certification-and-conformity-assessment\/","title":{"rendered":"Product Certification and Conformity Assessment"},"content":{"rendered":"<div id='av_section_1'  class='avia-section main_color avia-section-default avia-no-border-styling  avia-bg-style-scroll  avia-builder-el-0  el_before_av_one_full  avia-builder-el-first   container_wrap sidebar_right' style='background-color: #f7f7f7;  '  ><div class='container' ><main  role=\"main\" itemprop=\"mainContentOfPage\"  class='template-page content  av-content-small alpha units'><div class='post-entry post-entry-type-page post-entry-5165'><div class='entry-content-wrapper clearfix'>\n<section class=\"av_textblock_section \"  itemscope=\"itemscope\" itemtype=\"https:\/\/schema.org\/CreativeWork\" ><div class='avia_textblock  '   itemprop=\"text\" ><h3>Product Certification and Conformity Assessment<\/h3>\n<\/div><\/section>\n<\/div><\/div><\/main><!-- close content main element --><\/div><\/div><div id='after_section_1'  class='main_color av_default_container_wrap container_wrap sidebar_right' style=' '  ><div class='container' ><div class='template-page content  av-content-small alpha units'><div class='post-entry post-entry-type-page post-entry-5165'><div class='entry-content-wrapper clearfix'>\n<div class=\"flex_column av_one_full  flex_column_div av-zero-column-padding first  avia-builder-el-2  el_after_av_section  el_before_av_one_full  avia-builder-el-first  \" style='border-radius:0px; '><div  class='avia-image-container  av-styling-    avia-builder-el-3  avia-builder-el-no-sibling  avia-align-center '  itemprop=\"image\" itemscope=\"itemscope\" itemtype=\"https:\/\/schema.org\/ImageObject\"  ><div class='avia-image-container-inner'><div class='avia-image-overlay-wrap'><img decoding=\"async\" class='wp-image-3717 avia-img-lazy-loading-not-3717 avia_image' src=\"https:\/\/www.vvud.cz\/wp-content\/uploads\/2019\/04\/drevarsky-ustav-certifikace-707x412.jpg\" alt='' title='drevarsky-ustav-certifikace-707x412' height=\"412\" width=\"707\"  itemprop=\"thumbnailUrl\" srcset=\"https:\/\/www.vvud.cz\/wp-content\/uploads\/2019\/04\/drevarsky-ustav-certifikace-707x412.jpg 707w, https:\/\/www.vvud.cz\/wp-content\/uploads\/2019\/04\/drevarsky-ustav-certifikace-707x412-300x175.jpg 300w, https:\/\/www.vvud.cz\/wp-content\/uploads\/2019\/04\/drevarsky-ustav-certifikace-707x412-705x411.jpg 705w, https:\/\/www.vvud.cz\/wp-content\/uploads\/2019\/04\/drevarsky-ustav-certifikace-707x412-450x262.jpg 450w\" sizes=\"(max-width: 707px) 100vw, 707px\" \/><\/div><\/div><\/div><\/div>\n<div class=\"flex_column av_one_full  flex_column_div av-zero-column-padding first  avia-builder-el-4  el_after_av_one_full  el_before_av_one_fifth  column-top-margin\" style='border-radius:0px; '><section class=\"av_textblock_section \"  itemscope=\"itemscope\" itemtype=\"https:\/\/schema.org\/CreativeWork\" ><div class='avia_textblock  '   itemprop=\"text\" ><h3><strong>Product certification and conformity assessment for the European market (CE marking)<\/strong><\/h3>\n<p>Timber Research and Development Institute, Prague, s.p., is Notified Body No. 1393 responsible for the assessment of products placed on the European market.<\/p>\n<p>The following information is for guidance only. They are not to be construed as an interpretation of laws, regulations or other documents.<\/p>\n<p>The European market for construction products is covered by Regulation (EU) No 305\/2011 of the European Parliament and of the Council (CPR). The obligation to assess under this Regulation arises when requirements are imposed on a product in:<\/p>\n<ul>\n<li>harmonised Czech (European) technical standards<\/li>\n<li>European Technical Assessments (approvals) (ETA).<\/li>\n<\/ul>\n<p>Once the requirements have been met, manufacturers are entitled to mark their products with the CE mark.<\/p>\n<p>Notified body No 1393 is authorised to assess these products:<\/p>\n<ul>\n<li>wood-based panels<\/li>\n<li>wooden poles for overhead lines<\/li>\n<li>Lightweight beams and columns made of wood-based composite materials for use in buildings<\/li>\n<li>prefabricated staircase assemblies<\/li>\n<li>timber frame and timber framed prefabricated building assemblies<\/li>\n<li>structural elements made of grown timber<\/li>\n<li>prefabricated wood-based sandwich load-bearing panels<\/li>\n<li>self-supporting composite lightweight panels<\/li>\n<li>timber and laminate flooring<\/li>\n<li>structural glued laminated products<\/li>\n<li>windows and doors<\/li>\n<\/ul>\n<p>The current list of harmonised standards can be found on the website of the Office for Standardisation of Metrology and State Testing.<\/p>\n<h4>Laws and regulations:<\/h4>\n<ul>\n<li><a href=\"https:\/\/eur-lex.europa.eu\/legal-content\/EN\/TXT\/?uri=CELEX%3A32011R0305&amp;qid=1505811921167\" target=\"_blank\" rel=\"noopener\">Regulation EU 305\/2011 (CPR)<\/a><\/li>\n<\/ul>\n<h4>Documents:<\/h4>\n<p><a href=\"http:\/\/www.vvud.cz\/wp-content\/uploads\/2019\/04\/Opr\u00e1vn\u011bn\u00ed-OS-1393-zmen\u0161en\u00fd.pdf\" target=\"_blank\" rel=\"noopener\">Notification NB 1393<\/a><\/p>\n<p><a href=\"https:\/\/www.vvud.cz\/wp-content\/uploads\/2020\/09\/EN-OS_Application.doc\">Application NB 1393 &#8211; english<\/a><\/p>\n<h3>RAL certification<\/h3>\n<p>We supervise the production of wooden buildings and containers for export to Germany according to standards:<\/p>\n<ul>\n<li>RAL &#8211; GZ 422\/1 Part 1: Manufacture of prefabricated parts<\/li>\n<li>RAL &#8211; GZ 422\/2 part 2: Assembly of prefabricated parts<\/li>\n<li>RAL &#8211; GZ 613 Steel construction systems<\/li>\n<\/ul>\n<p>We represent the Bundes-G\u00fctegemeinschaft Montagebau und Fertigh\u00e4user e. V. (BMF), a quality association of more than 100 certified manufacturers in these fields, on the Czech market.<\/p>\n<p><strong>Apply for RAL certification:<\/strong><\/p>\n<p>Ing. Jitka Ber\u00e1nkov\u00e1, Ph.D. &#8211; berankova(@)vvud.cz<\/p>\n<h3>UKCA certification: for export to Great Britain and Northern Ireland<\/h3>\n<p>The Timber Institute has entered into a cooperation agreement with CATG, a British approved certification body for timber, timber structures, and wood-based materials. Manufacturers who wish to sell their products on the UK market with the UKCA mark can therefore contact the Timber Institute directly.<\/p>\n<p>It is intended to completely replace the CE marking in the future.<\/p>\n<p>More information: <a href=\"https:\/\/www.vvud.cz\/en\/ukca-certification-for-export-to-great-britain-and-northern-ireland\/\">https:\/\/www.vvud.cz\/en\/ukca-certification-for-export-to-great-britain-and-northern-ireland\/<\/a><\/p>\n<p><strong>Apply for UKCA certification:<\/strong><\/p>\n<p>info (@)vvud.cz<\/p>\n<\/div><\/section><\/div><div class=\"flex_column av_one_fifth  flex_column_div av-zero-column-padding first  avia-builder-el-6  el_after_av_one_full  el_before_av_one_fifth  column-top-margin\" style='border-radius:0px; '><div  class='avia-image-container  av-styling-    avia-builder-el-7  avia-builder-el-no-sibling  avia-align-center '  itemprop=\"image\" itemscope=\"itemscope\" itemtype=\"https:\/\/schema.org\/ImageObject\"  ><div class='avia-image-container-inner'><div class='avia-image-overlay-wrap'><img decoding=\"async\" class='wp-image-3781 avia-img-lazy-loading-not-3781 avia_image' src=\"https:\/\/www.vvud.cz\/wp-content\/uploads\/2019\/04\/drevarsky-ustav-zkusebna-2-150x150.jpg\" alt='' title='drevarsky-ustav-zkusebna-2-150x150' height=\"150\" width=\"150\"  itemprop=\"thumbnailUrl\" srcset=\"https:\/\/www.vvud.cz\/wp-content\/uploads\/2019\/04\/drevarsky-ustav-zkusebna-2-150x150.jpg 150w, https:\/\/www.vvud.cz\/wp-content\/uploads\/2019\/04\/drevarsky-ustav-zkusebna-2-150x150-80x80.jpg 80w, https:\/\/www.vvud.cz\/wp-content\/uploads\/2019\/04\/drevarsky-ustav-zkusebna-2-150x150-36x36.jpg 36w, https:\/\/www.vvud.cz\/wp-content\/uploads\/2019\/04\/drevarsky-ustav-zkusebna-2-150x150-120x120.jpg 120w\" sizes=\"(max-width: 150px) 100vw, 150px\" \/><\/div><\/div><\/div><\/div><\/p>\n<div class=\"flex_column av_one_fifth  flex_column_div av-zero-column-padding   avia-builder-el-8  el_after_av_one_fifth  el_before_av_one_fifth  column-top-margin\" style='border-radius:0px; '><div  class='avia-image-container  av-styling-    avia-builder-el-9  avia-builder-el-no-sibling  avia-align-center '  itemprop=\"image\" itemscope=\"itemscope\" itemtype=\"https:\/\/schema.org\/ImageObject\"  ><div class='avia-image-container-inner'><div class='avia-image-overlay-wrap'><img decoding=\"async\" class='wp-image-3784 avia-img-lazy-loading-not-3784 avia_image' src=\"https:\/\/www.vvud.cz\/wp-content\/uploads\/2019\/04\/Drevarsky-ustav-zkusebna-3-150x150.jpg\" alt='' title='Drevarsky-ustav-zkusebna-3-150x150' height=\"150\" width=\"150\"  itemprop=\"thumbnailUrl\" srcset=\"https:\/\/www.vvud.cz\/wp-content\/uploads\/2019\/04\/Drevarsky-ustav-zkusebna-3-150x150.jpg 150w, https:\/\/www.vvud.cz\/wp-content\/uploads\/2019\/04\/Drevarsky-ustav-zkusebna-3-150x150-80x80.jpg 80w, https:\/\/www.vvud.cz\/wp-content\/uploads\/2019\/04\/Drevarsky-ustav-zkusebna-3-150x150-36x36.jpg 36w, https:\/\/www.vvud.cz\/wp-content\/uploads\/2019\/04\/Drevarsky-ustav-zkusebna-3-150x150-120x120.jpg 120w\" sizes=\"(max-width: 150px) 100vw, 150px\" \/><\/div><\/div><\/div><\/div>\n<div class=\"flex_column av_one_fifth  flex_column_div av-zero-column-padding   avia-builder-el-10  el_after_av_one_fifth  el_before_av_one_fifth  column-top-margin\" style='border-radius:0px; '><div  class='avia-image-container  av-styling-    avia-builder-el-11  avia-builder-el-no-sibling  avia-align-center '  itemprop=\"image\" itemscope=\"itemscope\" itemtype=\"https:\/\/schema.org\/ImageObject\"  ><div class='avia-image-container-inner'><div class='avia-image-overlay-wrap'><img decoding=\"async\" class='wp-image-3786 avia-img-lazy-loading-not-3786 avia_image' src=\"https:\/\/www.vvud.cz\/wp-content\/uploads\/2019\/04\/Drevarsky-ustav-zkusebna-4-150x150.jpg\" alt='' title='Drevarsky-ustav-zkusebna-4-150x150' height=\"150\" width=\"150\"  itemprop=\"thumbnailUrl\" srcset=\"https:\/\/www.vvud.cz\/wp-content\/uploads\/2019\/04\/Drevarsky-ustav-zkusebna-4-150x150.jpg 150w, https:\/\/www.vvud.cz\/wp-content\/uploads\/2019\/04\/Drevarsky-ustav-zkusebna-4-150x150-80x80.jpg 80w, https:\/\/www.vvud.cz\/wp-content\/uploads\/2019\/04\/Drevarsky-ustav-zkusebna-4-150x150-36x36.jpg 36w, https:\/\/www.vvud.cz\/wp-content\/uploads\/2019\/04\/Drevarsky-ustav-zkusebna-4-150x150-120x120.jpg 120w\" sizes=\"(max-width: 150px) 100vw, 150px\" \/><\/div><\/div><\/div><\/div>\n<div class=\"flex_column av_one_fifth  flex_column_div av-zero-column-padding   avia-builder-el-12  el_after_av_one_fifth  el_before_av_one_fifth  column-top-margin\" style='border-radius:0px; '><div  class='avia-image-container  av-styling-    avia-builder-el-13  avia-builder-el-no-sibling  avia-align-center '  itemprop=\"image\" itemscope=\"itemscope\" itemtype=\"https:\/\/schema.org\/ImageObject\"  ><div class='avia-image-container-inner'><div class='avia-image-overlay-wrap'><img decoding=\"async\" class='wp-image-3789 avia-img-lazy-loading-not-3789 avia_image' src=\"https:\/\/www.vvud.cz\/wp-content\/uploads\/2019\/04\/drevarsky-ustav-zkusebna-5-150x150.jpg\" alt='' title='drevarsky-ustav-zkusebna-5-150x150' height=\"150\" width=\"150\"  itemprop=\"thumbnailUrl\" srcset=\"https:\/\/www.vvud.cz\/wp-content\/uploads\/2019\/04\/drevarsky-ustav-zkusebna-5-150x150.jpg 150w, https:\/\/www.vvud.cz\/wp-content\/uploads\/2019\/04\/drevarsky-ustav-zkusebna-5-150x150-80x80.jpg 80w, https:\/\/www.vvud.cz\/wp-content\/uploads\/2019\/04\/drevarsky-ustav-zkusebna-5-150x150-36x36.jpg 36w, https:\/\/www.vvud.cz\/wp-content\/uploads\/2019\/04\/drevarsky-ustav-zkusebna-5-150x150-120x120.jpg 120w\" sizes=\"(max-width: 150px) 100vw, 150px\" \/><\/div><\/div><\/div><\/div>\n<div class=\"flex_column av_one_fifth  flex_column_div av-zero-column-padding   avia-builder-el-14  el_after_av_one_fifth  el_before_av_textblock  column-top-margin\" style='border-radius:0px; '><div  class='avia-image-container  av-styling-    avia-builder-el-15  avia-builder-el-no-sibling  avia-align-center '  itemprop=\"image\" itemscope=\"itemscope\" itemtype=\"https:\/\/schema.org\/ImageObject\"  ><div class='avia-image-container-inner'><div class='avia-image-overlay-wrap'><img decoding=\"async\" class='wp-image-3791 avia-img-lazy-loading-not-3791 avia_image' src=\"https:\/\/www.vvud.cz\/wp-content\/uploads\/2019\/04\/drevarsky-ustav-zkusebna-6-150x150.jpg\" alt='' title='drevarsky-ustav-zkusebna-6-150x150' height=\"150\" width=\"150\"  itemprop=\"thumbnailUrl\" srcset=\"https:\/\/www.vvud.cz\/wp-content\/uploads\/2019\/04\/drevarsky-ustav-zkusebna-6-150x150.jpg 150w, https:\/\/www.vvud.cz\/wp-content\/uploads\/2019\/04\/drevarsky-ustav-zkusebna-6-150x150-80x80.jpg 80w, https:\/\/www.vvud.cz\/wp-content\/uploads\/2019\/04\/drevarsky-ustav-zkusebna-6-150x150-36x36.jpg 36w, https:\/\/www.vvud.cz\/wp-content\/uploads\/2019\/04\/drevarsky-ustav-zkusebna-6-150x150-120x120.jpg 120w\" sizes=\"(max-width: 150px) 100vw, 150px\" \/><\/div><\/div><\/div><\/div>\n<section class=\"av_textblock_section \"  itemscope=\"itemscope\" itemtype=\"https:\/\/schema.org\/CreativeWork\" ><div class='avia_textblock  '   itemprop=\"text\" ><h4><\/h4>\n<h4><\/h4>\n<h4>Testing laboratory is included in a list of approved laboratories by IKEA for determining formaldehyde emission according to ASTM D 6007-14, EN 717-1, EN ISO 12460-3, EN ISO 12460-5.<\/h4>\n<p>In addition, the testing laboratory focuses on:<\/p>\n<ul>\n<li>examining and testing of chemical wood preservatives with protection against biotic pests, fungi, insect, moulds and fire,<\/li>\n<li>tests of technological properties and parameters of impregnations,<\/li>\n<li>analyses of wood preservatives and aqueous solutions<\/li>\n<li>tests of joinery products: windows, doors, pallets, etc.<\/li>\n<li>testing of wooden buildings and building products: glued beams, panels, roof structures, etc.<\/li>\n<li>tests of coatings, adhesives and bonded joints,<\/li>\n<li>fire tests of building materials, fire protection coatings, cladding, etc. (determination of fire resistance and degree of flammability),<\/li>\n<li>tests of emissions and formaldehyde content.<\/li>\n<\/ul>\n<p>Testing laboratory is authorized to prepare expert\u2019s opinions in selected timber industry fields.<\/p>\n<p>Testing laboratory closely cooperates with Authorized Body No. 222 in assessing the conformity of selected products in accordance with Act No. 22\/1997 Sb., to regulate technical requirements for products, and with Notified Body No. 1393.<\/p>\n<h4>Documents:<\/h4>\n<p><a href=\"https:\/\/www.vvud.cz\/wp-content\/uploads\/2022\/01\/AZL_1031_osvedceni_2021_622_EN.pdf\">Laboratory certificate of accreditation<\/a><\/p>\n<p><a href=\"https:\/\/www.vvud.cz\/wp-content\/uploads\/2020\/09\/EN-EPA_Application.doc\">Application EPA\/CARB<\/a><\/p>\n<\/div><\/section>\n","protected":false},"excerpt":{"rendered":"","protected":false},"author":2,"featured_media":0,"parent":0,"menu_order":6,"comment_status":"closed","ping_status":"closed","template":"","meta":{"footnotes":""},"class_list":["post-5165","page","type-page","status-publish","hentry"],"yoast_head":"<!-- This site is optimized with the Yoast SEO plugin v27.1.1 - https:\/\/yoast.com\/product\/yoast-seo-wordpress\/ -->\n<title>Product Certification and Conformity Assessment - VV\u00daD<\/title>\n<meta name=\"robots\" content=\"index, follow, max-snippet:-1, max-image-preview:large, max-video-preview:-1\" \/>\n<link rel=\"canonical\" href=\"https:\/\/www.vvud.cz\/en\/product-certification-and-conformity-assessment\/\" \/>\n<meta property=\"og:locale\" content=\"en_US\" \/>\n<meta property=\"og:type\" content=\"article\" \/>\n<meta property=\"og:title\" content=\"Product Certification and Conformity Assessment - VV\u00daD\" \/>\n<meta property=\"og:url\" content=\"https:\/\/www.vvud.cz\/en\/product-certification-and-conformity-assessment\/\" \/>\n<meta property=\"og:site_name\" content=\"VV\u00daD\" \/>\n<meta property=\"article:modified_time\" content=\"2025-08-18T11:51:01+00:00\" \/>\n<meta name=\"twitter:card\" content=\"summary_large_image\" \/>\n<meta name=\"twitter:label1\" content=\"Est. reading time\" \/>\n\t<meta name=\"twitter:data1\" content=\"6 minutes\" \/>\n<script type=\"application\/ld+json\" class=\"yoast-schema-graph\">{\"@context\":\"https:\/\/schema.org\",\"@graph\":[{\"@type\":\"WebPage\",\"@id\":\"https:\/\/www.vvud.cz\/en\/product-certification-and-conformity-assessment\/\",\"url\":\"https:\/\/www.vvud.cz\/en\/product-certification-and-conformity-assessment\/\",\"name\":\"Product Certification and Conformity Assessment - VV\u00daD\",\"isPartOf\":{\"@id\":\"https:\/\/www.vvud.cz\/#website\"},\"datePublished\":\"2019-03-31T19:33:23+00:00\",\"dateModified\":\"2025-08-18T11:51:01+00:00\",\"breadcrumb\":{\"@id\":\"https:\/\/www.vvud.cz\/en\/product-certification-and-conformity-assessment\/#breadcrumb\"},\"inLanguage\":\"en-US\",\"potentialAction\":[{\"@type\":\"ReadAction\",\"target\":[\"https:\/\/www.vvud.cz\/en\/product-certification-and-conformity-assessment\/\"]}]},{\"@type\":\"BreadcrumbList\",\"@id\":\"https:\/\/www.vvud.cz\/en\/product-certification-and-conformity-assessment\/#breadcrumb\",\"itemListElement\":[{\"@type\":\"ListItem\",\"position\":1,\"name\":\"Dom\u016f\",\"item\":\"https:\/\/www.vvud.cz\/\"},{\"@type\":\"ListItem\",\"position\":2,\"name\":\"Product Certification and Conformity Assessment\"}]},{\"@type\":\"WebSite\",\"@id\":\"https:\/\/www.vvud.cz\/#website\",\"url\":\"https:\/\/www.vvud.cz\/\",\"name\":\"VV\u00daD\",\"description\":\"V\u00fdzkumn\u00fd a v\u00fdvojov\u00fd \u00fastav d\u0159eva\u0159sk\u00fd, Praha, s. p.\",\"potentialAction\":[{\"@type\":\"SearchAction\",\"target\":{\"@type\":\"EntryPoint\",\"urlTemplate\":\"https:\/\/www.vvud.cz\/?s={search_term_string}\"},\"query-input\":{\"@type\":\"PropertyValueSpecification\",\"valueRequired\":true,\"valueName\":\"search_term_string\"}}],\"inLanguage\":\"en-US\"}]}<\/script>\n<!-- \/ Yoast SEO plugin. -->","yoast_head_json":{"title":"Product Certification and Conformity Assessment - VV\u00daD","robots":{"index":"index","follow":"follow","max-snippet":"max-snippet:-1","max-image-preview":"max-image-preview:large","max-video-preview":"max-video-preview:-1"},"canonical":"https:\/\/www.vvud.cz\/en\/product-certification-and-conformity-assessment\/","og_locale":"en_US","og_type":"article","og_title":"Product Certification and Conformity Assessment - VV\u00daD","og_url":"https:\/\/www.vvud.cz\/en\/product-certification-and-conformity-assessment\/","og_site_name":"VV\u00daD","article_modified_time":"2025-08-18T11:51:01+00:00","twitter_card":"summary_large_image","twitter_misc":{"Est. reading time":"6 minutes"},"schema":{"@context":"https:\/\/schema.org","@graph":[{"@type":"WebPage","@id":"https:\/\/www.vvud.cz\/en\/product-certification-and-conformity-assessment\/","url":"https:\/\/www.vvud.cz\/en\/product-certification-and-conformity-assessment\/","name":"Product Certification and Conformity Assessment - VV\u00daD","isPartOf":{"@id":"https:\/\/www.vvud.cz\/#website"},"datePublished":"2019-03-31T19:33:23+00:00","dateModified":"2025-08-18T11:51:01+00:00","breadcrumb":{"@id":"https:\/\/www.vvud.cz\/en\/product-certification-and-conformity-assessment\/#breadcrumb"},"inLanguage":"en-US","potentialAction":[{"@type":"ReadAction","target":["https:\/\/www.vvud.cz\/en\/product-certification-and-conformity-assessment\/"]}]},{"@type":"BreadcrumbList","@id":"https:\/\/www.vvud.cz\/en\/product-certification-and-conformity-assessment\/#breadcrumb","itemListElement":[{"@type":"ListItem","position":1,"name":"Dom\u016f","item":"https:\/\/www.vvud.cz\/"},{"@type":"ListItem","position":2,"name":"Product Certification and Conformity Assessment"}]},{"@type":"WebSite","@id":"https:\/\/www.vvud.cz\/#website","url":"https:\/\/www.vvud.cz\/","name":"VV\u00daD","description":"V\u00fdzkumn\u00fd a v\u00fdvojov\u00fd \u00fastav d\u0159eva\u0159sk\u00fd, Praha, s. p.","potentialAction":[{"@type":"SearchAction","target":{"@type":"EntryPoint","urlTemplate":"https:\/\/www.vvud.cz\/?s={search_term_string}"},"query-input":{"@type":"PropertyValueSpecification","valueRequired":true,"valueName":"search_term_string"}}],"inLanguage":"en-US"}]}},"_links":{"self":[{"href":"https:\/\/www.vvud.cz\/en\/wp-json\/wp\/v2\/pages\/5165","targetHints":{"allow":["GET"]}}],"collection":[{"href":"https:\/\/www.vvud.cz\/en\/wp-json\/wp\/v2\/pages"}],"about":[{"href":"https:\/\/www.vvud.cz\/en\/wp-json\/wp\/v2\/types\/page"}],"author":[{"embeddable":true,"href":"https:\/\/www.vvud.cz\/en\/wp-json\/wp\/v2\/users\/2"}],"replies":[{"embeddable":true,"href":"https:\/\/www.vvud.cz\/en\/wp-json\/wp\/v2\/comments?post=5165"}],"version-history":[{"count":54,"href":"https:\/\/www.vvud.cz\/en\/wp-json\/wp\/v2\/pages\/5165\/revisions"}],"predecessor-version":[{"id":7038,"href":"https:\/\/www.vvud.cz\/en\/wp-json\/wp\/v2\/pages\/5165\/revisions\/7038"}],"wp:attachment":[{"href":"https:\/\/www.vvud.cz\/en\/wp-json\/wp\/v2\/media?parent=5165"}],"curies":[{"name":"wp","href":"https:\/\/api.w.org\/{rel}","templated":true}]}}